{"id":338,"date":"2026-02-15T19:28:35","date_gmt":"2026-02-15T18:28:35","guid":{"rendered":"https:\/\/virgendesetefilla.net\/?page_id=338"},"modified":"2026-02-15T20:31:18","modified_gmt":"2026-02-15T19:31:18","slug":"idas-y-venidas","status":"publish","type":"page","link":"https:\/\/virgendesetefilla.net\/?page_id=338","title":{"rendered":"Idas y Venidas"},"content":{"rendered":"\t\t<div data-elementor-type=\"wp-page\" data-elementor-id=\"338\" class=\"elementor elementor-338\" data-elementor-post-type=\"page\">\n\t\t\t\t<div class=\"elementor-element elementor-element-2f6e09e e-flex e-con-boxed e-con e-parent\" data-id=\"2f6e09e\" data-element_type=\"container\" data-e-type=\"container\">\n\t\t\t\t\t<div class=\"e-con-inner\">\n\t\t\t\t<div class=\"elementor-element elementor-element-14afde7 elementor-widget elementor-widget-spacer\" data-id=\"14afde7\" data-element_type=\"widget\" data-e-type=\"widget\" data-widget_type=\"spacer.default\">\n\t\t\t\t\t\t\t<div class=\"elementor-spacer\">\n\t\t\t<div class=\"elementor-spacer-inner\"><\/div>\n\t\t<\/div>\n\t\t\t\t\t\t<\/div>\n\t\t\t\t<div class=\"elementor-element elementor-element-1807b7b elementor-widget elementor-widget-heading\" data-id=\"1807b7b\" data-element_type=\"widget\" data-e-type=\"widget\" data-widget_type=\"heading.default\">\n\t\t\t\t\t<h2 class=\"elementor-heading-title elementor-size-default\">Idas y Venidas<\/h2>\t\t\t\t<\/div>\n\t\t\t\t\t<\/div>\n\t\t\t\t<\/div>\n\t\t<div class=\"elementor-element elementor-element-1a70d3f e-flex e-con-boxed e-con e-parent\" data-id=\"1a70d3f\" data-element_type=\"container\" data-e-type=\"container\">\n\t\t\t\t\t<div class=\"e-con-inner\">\n\t\t\t\t<div class=\"elementor-element elementor-element-57a87ab elementor-widget elementor-widget-heading\" data-id=\"57a87ab\" data-element_type=\"widget\" data-e-type=\"widget\" data-widget_type=\"heading.default\">\n\t\t\t\t\t<h4 class=\"elementor-heading-title elementor-size-default\"><b>Venida<\/b><\/h4>\t\t\t\t<\/div>\n\t\t\t\t<div class=\"elementor-element elementor-element-8121bcb elementor-widget elementor-widget-text-editor\" data-id=\"8121bcb\" data-element_type=\"widget\" data-e-type=\"widget\" data-widget_type=\"text-editor.default\">\n\t\t\t\t\t\t\t\t\t<p><img fetchpriority=\"high\" decoding=\"async\" class=\"size-medium wp-image-341 alignleft\" src=\"https:\/\/virgendesetefilla.net\/wp-content\/uploads\/2026\/02\/imgi_32_viejo_web-300x225.jpg\" alt=\"\" width=\"300\" height=\"225\" srcset=\"https:\/\/virgendesetefilla.net\/wp-content\/uploads\/2026\/02\/imgi_32_viejo_web-300x225.jpg 300w, https:\/\/virgendesetefilla.net\/wp-content\/uploads\/2026\/02\/imgi_32_viejo_web.jpg 400w\" sizes=\"(max-width: 300px) 100vw, 300px\" \/>Las celebraciones para la Venida de la Virgen desde el Santuario a su villa comienzan con la petici\u00f3n por parte del pueblo. Preside la manifestaci\u00f3n de petici\u00f3n de la Virgen el Hermano m\u00e1s antiguo de los que residan en Lora. Esta petici\u00f3n se hace exclusivamente al Se\u00f1or P\u00e1rroco de la Asunci\u00f3n y al Hermano Mayor. Para convocar al pueblo a dicho acto tradicionalmente se toca la campana de la Ermita de Santa Ana en la Roda Arriba. Sin Embargo, aun cuando no se produjese tal petici\u00f3n popular, la Junta de Gobierno de la Hermandad podr\u00e1 tomar la iniciativa, decidiendo que se d\u00e9 comienzo a las celebraciones.<\/p><p><img decoding=\"async\" class=\"size-medium wp-image-342 alignright\" src=\"https:\/\/virgendesetefilla.net\/wp-content\/uploads\/2026\/02\/imgi_33_viejo_curro_campos_viejo_87_web-217x300.jpg\" alt=\"\" width=\"217\" height=\"300\" srcset=\"https:\/\/virgendesetefilla.net\/wp-content\/uploads\/2026\/02\/imgi_33_viejo_curro_campos_viejo_87_web-217x300.jpg 217w, https:\/\/virgendesetefilla.net\/wp-content\/uploads\/2026\/02\/imgi_33_viejo_curro_campos_viejo_87_web.jpg 300w\" sizes=\"(max-width: 217px) 100vw, 217px\" \/> <img decoding=\"async\" class=\"size-medium wp-image-343 alignleft\" src=\"https:\/\/virgendesetefilla.net\/wp-content\/uploads\/2026\/02\/imgi_34_viejo0193_rafael_santos_jimenez_web-214x300.jpg\" alt=\"\" width=\"214\" height=\"300\" srcset=\"https:\/\/virgendesetefilla.net\/wp-content\/uploads\/2026\/02\/imgi_34_viejo0193_rafael_santos_jimenez_web-214x300.jpg 214w, https:\/\/virgendesetefilla.net\/wp-content\/uploads\/2026\/02\/imgi_34_viejo0193_rafael_santos_jimenez_web.jpg 296w\" sizes=\"(max-width: 214px) 100vw, 214px\" \/>Una vez pedida por el pueblo la Venida de la Sagrada Imagen, se reunir\u00e1 al d\u00eda siguiente Cabildo General Extraordinario de Hermanos para decidir sobre la Venida en caso extraordinario o por necesidad, o para determinar la fecha por v\u00eda ordinaria al haberse cumplido los cinco a\u00f1os de haber sido devuelta Nuestra Se\u00f1ora a su Ermita. Cuando la iniciativa parte de la Junta de Gobierno de la Hermandad, \u00e9sta se encargar\u00e1 de convocar el Cabildo General Extraordinario en fecha oportuna. Tradicionalmente, para la Venida se pide la colaboraci\u00f3n de los vecinos, al objeto de embellecer el itinerario urbano por donde ha de pasar la Sagrada Imagen.<\/p><p><img loading=\"lazy\" decoding=\"async\" class=\"size-medium wp-image-345 alignleft\" src=\"https:\/\/virgendesetefilla.net\/wp-content\/uploads\/2026\/02\/imgi_35_instantanea_ida_02_web-300x197.jpg\" alt=\"\" width=\"300\" height=\"197\" srcset=\"https:\/\/virgendesetefilla.net\/wp-content\/uploads\/2026\/02\/imgi_35_instantanea_ida_02_web-300x197.jpg 300w, https:\/\/virgendesetefilla.net\/wp-content\/uploads\/2026\/02\/imgi_35_instantanea_ida_02_web.jpg 600w\" sizes=\"(max-width: 300px) 100vw, 300px\" \/>Se traer\u00e1 la Sagrada Imagen de Nuestra Se\u00f1ora, desde su Santuario a la Iglesia Mayor de la Asunci\u00f3n de Lora, ordinariamente a los cinco a\u00f1os de haber sido devuelta a su Ermita, y extraordinariamente cuando hubiera una necesidad grande para implorar con ello la intercesi\u00f3n de la Madre del Se\u00f1or.<\/p><p>Cuando se haya de traer la Sagrada Imagen de la Virgen por cumplirse el t\u00e9rmino de los cinco a\u00f1os a partir de su Ida al Santuario, la Junta de Gobierno de la Hermandad, de acuerdo con el Se\u00f1or P\u00e1rroco de la Asunci\u00f3n, determinar\u00e1 las Funciones de Penitencia que se han de celebrar para que los fieles se preparen a la Venida de la Virgen y recaben mayor fruto espiritual.<\/p><p>Cuando se tratara de traer a la Sagrada Imagen de forma extraordinaria o por necesidad, si es \u00e9sta no fuera apremiante, la Junta de Gobierno de la Hermandad, de acuerdo con el Se\u00f1or P\u00e1rroco de la Asunci\u00f3n, y con la presencia de los Diputados de los Gremios (Agricultores o del Campo, Artesanos o Menestrales-Comerciantes-Industriales y Empleados, Juventud) elegidos por el Hermano Mayor, acordar\u00e1n proponer al Cabildo General Extraordinario que se convoca los Rosarios de Penitencia y las Rogativas que se han de celebrar para impetrar la intercesi\u00f3n de la Virgen.<\/p><p>Celebrados los Rosarios de Penitencia al Santuario (de hombres y mujeres, altern\u00e1ndose en el orden de una vez para otra) y las Rogativas en la Iglesia Parroquial de Nuestra Se\u00f1ora de la Asunci\u00f3n, actos propios de culto para la Venida de la Virgen por v\u00eda extraordinaria, \u00e9sta s\u00f3lo se efectuar\u00eda si la necesidad por la que fue pedida persistiera.<\/p><p>En la ma\u00f1ana del d\u00eda de la Traslaci\u00f3n se celebrar\u00e1 en la Ermita una Misa, seguida del canto de la Salve. Concluida \u00e9sta, comenzar\u00e1n las Letan\u00edas de la Sant\u00edsima Virgen, levant\u00e1ndose las Andas en el momento de entonar el \u201cSancta Mar\u00eda\u201d.<\/p><figure id=\"attachment_346\" aria-describedby=\"caption-attachment-346\" style=\"width: 300px\" class=\"wp-caption alignleft\"><img loading=\"lazy\" decoding=\"async\" class=\"wp-image-346 size-medium\" src=\"https:\/\/virgendesetefilla.net\/wp-content\/uploads\/2026\/02\/imgi_36_cubriendo_santuario03_web-300x225.jpg\" alt=\"\" width=\"300\" height=\"225\" srcset=\"https:\/\/virgendesetefilla.net\/wp-content\/uploads\/2026\/02\/imgi_36_cubriendo_santuario03_web-300x225.jpg 300w, https:\/\/virgendesetefilla.net\/wp-content\/uploads\/2026\/02\/imgi_36_cubriendo_santuario03_web.jpg 600w\" sizes=\"(max-width: 300px) 100vw, 300px\" \/><figcaption id=\"caption-attachment-346\" class=\"wp-caption-text\">Cubriendo las andas<\/figcaption><\/figure><p>Al llegar a la Cruz del Humilladero se cubren las Andas. Por derecho que les viene de tradici\u00f3n inmemorial, lo hacen los descendientes de don Diego Mart\u00ednez si estuvieran presentes. En caso contrario, lo har\u00e1n los miembros de la Junta de Gobierno.<\/p><figure id=\"attachment_348\" aria-describedby=\"caption-attachment-348\" style=\"width: 300px\" class=\"wp-caption alignleft\"><img loading=\"lazy\" decoding=\"async\" class=\"size-medium wp-image-348\" src=\"https:\/\/virgendesetefilla.net\/wp-content\/uploads\/2026\/02\/imgi_38_camino_escopeteros_web-300x225.jpg\" alt=\"\" width=\"300\" height=\"225\" srcset=\"https:\/\/virgendesetefilla.net\/wp-content\/uploads\/2026\/02\/imgi_38_camino_escopeteros_web-300x225.jpg 300w, https:\/\/virgendesetefilla.net\/wp-content\/uploads\/2026\/02\/imgi_38_camino_escopeteros_web.jpg 600w\" sizes=\"(max-width: 300px) 100vw, 300px\" \/><figcaption id=\"caption-attachment-348\" class=\"wp-caption-text\">Escopeteros<\/figcaption><\/figure><p>En el paso por el poblado de Setefilla, al llegar delante de la puerta de su Iglesia Parroquial, se descubrir\u00e1 el velo anterior de las Andas y se detendr\u00e1 la Procesi\u00f3n por el tiempo del canto de una Salve.<\/p><p><img loading=\"lazy\" decoding=\"async\" class=\"size-medium wp-image-351 alignright\" src=\"https:\/\/virgendesetefilla.net\/wp-content\/uploads\/2026\/02\/imgi_44_venida_lluvia_01_web-300x225.jpg\" alt=\"\" width=\"300\" height=\"225\" srcset=\"https:\/\/virgendesetefilla.net\/wp-content\/uploads\/2026\/02\/imgi_44_venida_lluvia_01_web-300x225.jpg 300w, https:\/\/virgendesetefilla.net\/wp-content\/uploads\/2026\/02\/imgi_44_venida_lluvia_01_web.jpg 600w\" sizes=\"(max-width: 300px) 100vw, 300px\" \/>Los fieles, por propia iniciativa, podr\u00e1n por Pujas recabar para s\u00ed el honor de llevar las Andas de Nuestra Se\u00f1ora por un determinado trecho del Camino, adem\u00e1s de los trechos que necesariamente son pujados, prefiriendo a los devotos que ofreciesen en pro del culto de la Se\u00f1ora m\u00e1s crecida limosna. En este orden continuar\u00e1 la Procesi\u00f3n hasta nueva Puja. El trayecto de la Puja ser\u00e1 el que se\u00f1ale el pujante al ofrecer la limosna, sin que antes de concluirlo pueda pujarla nadie. Este trayecto se procurar\u00e1 que no sea excesivamente largo para que otros fieles disfruten de la devoci\u00f3n de llevar el Paso o de hacer nueva Puja. Las Pujas se hacen por uno, dos, tres o los cuatro varales, de tal modo que, si alguien ha ofrecido una determinada limosna por los cuatro varales, la Puja habr\u00e1 de continuar por los cuatro juntos, sin dividirlos, y asimismo si se ofreciere la limosna por tres o por dos. Cuiden el Tesorero o Mayordomo, el Secretario y el Vicesecretario, altern\u00e1ndose, de llevar cuentas exactas de las limosnas que se ofreciesen en las Pujas.<\/p><figure id=\"attachment_239\" aria-describedby=\"caption-attachment-239\" style=\"width: 150px\" class=\"wp-caption alignleft\"><img loading=\"lazy\" decoding=\"async\" class=\"size-full wp-image-239\" src=\"https:\/\/virgendesetefilla.net\/wp-content\/uploads\/2026\/02\/imgi_3_venida_lluvia_web-150x150-1.jpg\" alt=\"\" width=\"150\" height=\"150\" \/><figcaption id=\"caption-attachment-239\" class=\"wp-caption-text\">Camino de una Venida bajo la lluvia<\/figcaption><\/figure><p>Los miembros de la Junta de Gobierno de la Hermandad cuidar\u00e1n de que en algunos trechos las Andas sean llevadas por las mujeres, pudiendo \u00e9stas pujar por los varales.<\/p><figure id=\"attachment_347\" aria-describedby=\"caption-attachment-347\" style=\"width: 300px\" class=\"wp-caption alignright\"><img loading=\"lazy\" decoding=\"async\" class=\"size-medium wp-image-347\" src=\"https:\/\/virgendesetefilla.net\/wp-content\/uploads\/2026\/02\/imgi_37_destapando_setefilla_web-300x225.jpg\" alt=\"\" width=\"300\" height=\"225\" srcset=\"https:\/\/virgendesetefilla.net\/wp-content\/uploads\/2026\/02\/imgi_37_destapando_setefilla_web-300x225.jpg 300w, https:\/\/virgendesetefilla.net\/wp-content\/uploads\/2026\/02\/imgi_37_destapando_setefilla_web.jpg 600w\" sizes=\"(max-width: 300px) 100vw, 300px\" \/><figcaption id=\"caption-attachment-347\" class=\"wp-caption-text\">Descubriendo las andas<\/figcaption><\/figure><p>Los fieles continuar\u00e1n con la Se\u00f1ora, sin m\u00e1s preferencia sobre la vez que la Puja, hasta llegar a la Cruz de San Jos\u00e9, en las afueras de la villa, donde se descubrir\u00e1n las Andas, Toca descubrir las Andas de la Se\u00f1ora a los descendientes de don Diego Mart\u00ednez si estuviesen presentes o, en caso contrario, a los miembros de la Junta de Gobierno de la Hermandad.<\/p><p>Siguen los fieles el resto del Camino hasta la Cruz de la Higuerilla de Caganche, al sitio del Albadalejo, que marca el comienzo del Camino de la Virgen hacia el Santuario, donde se encargar\u00e1n de llevarla los Hermanos hasta llegar delante de la que fue Ermita de Santa Ana en la Roda Arriba. Aqu\u00ed, observando una costumbre inmemorial, se detendr\u00e1 brevemente la Sagrada Imagen por el tiempo del canto de una Salve.<\/p><p><img loading=\"lazy\" decoding=\"async\" class=\"size-medium wp-image-349 aligncenter\" src=\"https:\/\/virgendesetefilla.net\/wp-content\/uploads\/2026\/02\/imgi_41_lora_ida_web-300x225.jpg\" alt=\"\" width=\"300\" height=\"225\" srcset=\"https:\/\/virgendesetefilla.net\/wp-content\/uploads\/2026\/02\/imgi_41_lora_ida_web-300x225.jpg 300w, https:\/\/virgendesetefilla.net\/wp-content\/uploads\/2026\/02\/imgi_41_lora_ida_web.jpg 600w\" sizes=\"(max-width: 300px) 100vw, 300px\" \/>A continuaci\u00f3n, se encargar\u00e1 los fieles de Lora de llevar la Sagrada Imagen hasta el Convento de la Limpia Concepci\u00f3n, en cuyo templo har\u00e1 entrada Nuestra Se\u00f1ora para recibir la salutaci\u00f3n de toda la Comunidad de este Monasterio de Madres Mercedarias Calzadas.<\/p><p><img loading=\"lazy\" decoding=\"async\" class=\"size-full wp-image-356 alignleft\" src=\"https:\/\/virgendesetefilla.net\/wp-content\/uploads\/2026\/02\/imgi_9_lora_02_web-150x150-1.jpg\" alt=\"\" width=\"150\" height=\"150\" \/>Seguir\u00e1 Nuestra Amant\u00edsima Patrona llevada por los fieles de Lora hasta la entrada a la Plaza del Ayuntamiento en la que las Andas ser\u00e1n tomadas por el Clero.<\/p><p>En la puerta de la Iglesia Parroquial de Nuestra Se\u00f1ora de la Asunci\u00f3n volver\u00e1n a tomarla los Hermanos, los cuales dejar\u00e1n a la Virgen en su Capilla.<\/p><p><img loading=\"lazy\" decoding=\"async\" class=\"size-full wp-image-369 aligncenter\" src=\"https:\/\/virgendesetefilla.net\/wp-content\/uploads\/2026\/02\/imgi_26_lora_03_web-300x300-1.jpg\" alt=\"\" width=\"300\" height=\"300\" srcset=\"https:\/\/virgendesetefilla.net\/wp-content\/uploads\/2026\/02\/imgi_26_lora_03_web-300x300-1.jpg 300w, https:\/\/virgendesetefilla.net\/wp-content\/uploads\/2026\/02\/imgi_26_lora_03_web-300x300-1-150x150.jpg 150w\" sizes=\"(max-width: 300px) 100vw, 300px\" \/>Colocada la Sagrada Efigie en su Capilla en la Iglesia Parroquial de Nuestra Se\u00f1ora de la Asunci\u00f3n, de nuevo se le entonar\u00e1 otra Salve.<\/p>\t\t\t\t\t\t\t\t<\/div>\n\t\t\t\t\t<\/div>\n\t\t\t\t<\/div>\n\t\t<div class=\"elementor-element elementor-element-4584d14 e-flex e-con-boxed e-con e-parent\" data-id=\"4584d14\" data-element_type=\"container\" data-e-type=\"container\">\n\t\t\t\t\t<div class=\"e-con-inner\">\n\t\t\t\t<div class=\"elementor-element elementor-element-1c0f083 elementor-widget elementor-widget-heading\" data-id=\"1c0f083\" data-element_type=\"widget\" data-e-type=\"widget\" data-widget_type=\"heading.default\">\n\t\t\t\t\t<h4 class=\"elementor-heading-title elementor-size-default\"><b>Ida<\/b><\/h4>\t\t\t\t<\/div>\n\t\t\t\t<div class=\"elementor-element elementor-element-ced5f9f elementor-widget elementor-widget-text-editor\" data-id=\"ced5f9f\" data-element_type=\"widget\" data-e-type=\"widget\" data-widget_type=\"text-editor.default\">\n\t\t\t\t\t\t\t\t\t<p>La Junta de Gobierno de la Hermandad procurar\u00e1 que, a menos que ocurran grav\u00edsimos motivos, no se prolongue m\u00e1s de dos a\u00f1os la estancia de la Se\u00f1ora en la villa. En todo caso, se ha de procurar que la Sant\u00edsima Virgen permanezca en la villa hasta que llegue el d\u00eda de su Gloriosa Natividad, en el cual se har\u00e1 Funci\u00f3n Principal de esta Hermandad Mayor con cuanta devoci\u00f3n y solemnidad se pueda.<\/p><p>Al tener entre nosotros a la Venerada Imagen de Nuestra Se\u00f1ora Mar\u00eda Sant\u00edsima de Setefilla, se le tributar\u00e1n cuantos cultos pueda fomentar esta Hermandad Mayor, cuidando con celo y eficacia el tradicional esplendor y magnificencia de los solemn\u00edsimos cultos que siempre se le han tributado a la Virgen Sant\u00edsima al encontrarse con nosotros en Lora. Por otra parte, la Junta de Gobierno de la Hermandad, colaborar\u00e1 con el Se\u00f1or P\u00e1rroco de la Asunci\u00f3n y dem\u00e1s sacerdotes, para tener viva la devoci\u00f3n de los Hermanos y dem\u00e1s fieles, a fin de que se tribute a la Virgen el debido culto en la villa.<\/p><p>Se dedicar\u00e1n a la Se\u00f1ora varias Funciones (de Rogativas o Acci\u00f3n de Gracias) del modo siguiente: la primera, a cargo de la villa de Lora, patrocinada por los fieles y organizada por la Junta de Gobierno de la Hermandad; la segunda y tercera, respectivamente, por el Gremio de Agricultores o del Campo (propietarios, arrendatarios y trabajadores) y por el Gremio de Artesanos o Menestrales, Comerciantes, Industriales y Empleados, altern\u00e1ndose en el orden de una vez para otra; la cuarta, por el Gremio de la Juventud; y la quinta, por el Clero. Por otra parte, en recuerdo de las Venidas extraordinarias de la Virgen, y en agradecimiento por las gracias recibidas, la Junta de Gobierno de la Hermandad, cada uno de los Gremios y el Clero, colocar\u00e1n un V\u00edtor en el Santuario en recuerdo conmemorativo de cada una de las Funciones que ofrecieren a la Celestial Se\u00f1ora.<\/p><p>Mientras est\u00e9 en la villa la Sagrada Imagen, la Hermandad har\u00e1 celebrar una Misa en su honor todos los s\u00e1bados, al final de la cual se cantar\u00e1 solemnemente la Salve. Para ello la Hermandad cuidar\u00e1 de excitar la ayuda generosa de los fieles.<\/p><p>Cuando la Imagen de Nuestra Se\u00f1ora se encuentra en Lora, se celebra un Rosario de medianoche el d\u00eda 7 de septiembre, v\u00edspera de la Fiesta de la Natividad de la Virgen, se inicia en la antigua Ermita de Santa Ana y termina en la Iglesia Mayor de la Asunci\u00f3n con el canto de la Salve. Es \u00e9sta la salutaci\u00f3n que Lora hace a su Patrona al comenzar el d\u00eda de su Festividad cuando Ella se encuentra en Lora.<\/p><figure id=\"attachment_323\" aria-describedby=\"caption-attachment-323\" style=\"width: 222px\" class=\"wp-caption alignleft\"><img loading=\"lazy\" decoding=\"async\" class=\"wp-image-323 size-full\" src=\"https:\/\/virgendesetefilla.net\/wp-content\/uploads\/2026\/02\/imgi_13_instantanea_corpus02_web-222x300-1.jpg\" alt=\"\" width=\"222\" height=\"300\" \/><figcaption id=\"caption-attachment-323\" class=\"wp-caption-text\">Procesi\u00f3n del Corpus<\/figcaption><\/figure><figure id=\"attachment_324\" aria-describedby=\"caption-attachment-324\" style=\"width: 200px\" class=\"wp-caption alignright\"><img loading=\"lazy\" decoding=\"async\" class=\"wp-image-324 size-full\" src=\"https:\/\/virgendesetefilla.net\/wp-content\/uploads\/2026\/02\/imgi_15_instantanea_corpus_web-200x300-1.jpg\" alt=\"\" width=\"200\" height=\"300\" \/><figcaption id=\"caption-attachment-324\" class=\"wp-caption-text\">Procesi\u00f3n del Corpus<\/figcaption><\/figure><p>En la Procesi\u00f3n Eucar\u00edstica de la Fiesta del Corpus Christi, cuando la Sagrada Imagen de la Virgen estuviere en la Parroquia, se sacar\u00e1 en procesi\u00f3n delante del paso del Sant\u00edsimo Sacramento. Procuren los Hermanos que se observe en ella religioso silencio, sin darse vivas algunos y dirigiendo todo el culto al Se\u00f1or presente en la Eucarist\u00eda. En esta Procesi\u00f3n se respetar\u00e1n los derechos de las Hermandades Eucar\u00edsticas si las hubiere.<\/p><p>Transcurrido el tiempo que suele estar la Virgen en Lora, y celebradas las Funciones Lit\u00fargicas correspondientes, el Hermano Mayor convocar\u00e1 Cabildo General Extraordinario para determinar la fecha en que se ha de llevar la Sagrada Imagen a su Santuario y tomar las medidas necesarias para ello, avis\u00e1ndose de lo acordado a los Se\u00f1ores P\u00e1rrocos y a las autoridades civiles.<\/p><p>La noche anterior y la madrugada de la Ida de Nuestra Se\u00f1ora al Santuario, por costumbre inmemorial, permanece abierta la puerta de la Iglesia Parroquial de Nuestra Se\u00f1ora de la Asunci\u00f3n, para que todo aqu\u00e9l que lo desee pueda rezar y velar a la Se\u00f1ora en las \u00faltimas horas de estar entre nosotros. La Junta de Gobierno nombrar\u00e1 entre los Hermanos los turnos de vela correspondientes.<\/p><p>La vuelta de la Virgen Sant\u00edsima a su Santuario se hace seg\u00fan las normas establecidas para su tra\u00edda, con excepci\u00f3n de lo relativo a las Pujas que no se hacen al volver.<\/p><p>\u00a0<\/p>\t\t\t\t\t\t\t\t<\/div>\n\t\t\t\t\t<\/div>\n\t\t\t\t<\/div>\n\t\t\t\t<\/div>\n\t\t","protected":false},"excerpt":{"rendered":"<p>Idas y Venidas Venida Las celebraciones para la Venida de la Virgen desde el Santuario a su villa comienzan con [&hellip;]<\/p>\n","protected":false},"author":2,"featured_media":0,"parent":0,"menu_order":0,"comment_status":"closed","ping_status":"closed","template":"elementor_canvas","meta":{"site-sidebar-layout":"no-sidebar","site-content-layout":"","ast-site-content-layout":"full-width-container","site-content-style":"default","site-sidebar-style":"default","ast-global-header-display":"","ast-banner-title-visibility":"","ast-main-header-display":"","ast-hfb-above-header-display":"","ast-hfb-below-header-display":"","ast-hfb-mobile-header-display":"","site-post-title":"","ast-breadcrumbs-content":"","ast-featured-img":"disabled","footer-sml-layout":"","ast-disable-related-posts":"","theme-transparent-header-meta":"","adv-header-id-meta":"","stick-header-meta":"","header-above-stick-meta":"","header-main-stick-meta":"","header-below-stick-meta":"","astra-migrate-meta-layouts":"default","ast-page-background-enabled":"default","ast-page-background-meta":{"desktop":{"background-color":"var(--ast-global-color-5)","background-image":"","background-repeat":"repeat","background-position":"center center","background-size":"auto","background-attachment":"scroll","background-type":"","background-media":"","overlay-type":"","overlay-color":"","overlay-opacity":"","overlay-gradient":""},"tablet":{"background-color":"","background-image":"","background-repeat":"repeat","background-position":"center center","background-size":"auto","background-attachment":"scroll","background-type":"","background-media":"","overlay-type":"","overlay-color":"","overlay-opacity":"","overlay-gradient":""},"mobile":{"background-color":"","background-image":"","background-repeat":"repeat","background-position":"center center","background-size":"auto","background-attachment":"scroll","background-type":"","background-media":"","overlay-type":"","overlay-color":"","overlay-opacity":"","overlay-gradient":""}},"ast-content-background-meta":{"desktop":{"background-color":"var(--ast-global-color-4)","background-image":"","background-repeat":"repeat","background-position":"center center","background-size":"auto","background-attachment":"scroll","background-type":"","background-media":"","overlay-type":"","overlay-color":"","overlay-opacity":"","overlay-gradient":""},"tablet":{"background-color":"var(--ast-global-color-4)","background-image":"","background-repeat":"repeat","background-position":"center center","background-size":"auto","background-attachment":"scroll","background-type":"","background-media":"","overlay-type":"","overlay-color":"","overlay-opacity":"","overlay-gradient":""},"mobile":{"background-color":"var(--ast-global-color-4)","background-image":"","background-repeat":"repeat","background-position":"center center","background-size":"auto","background-attachment":"scroll","background-type":"","background-media":"","overlay-type":"","overlay-color":"","overlay-opacity":"","overlay-gradient":""}},"_joinchat":[],"footnotes":""},"class_list":["post-338","page","type-page","status-publish","hentry"],"_links":{"self":[{"href":"https:\/\/virgendesetefilla.net\/index.php?rest_route=\/wp\/v2\/pages\/338","targetHints":{"allow":["GET"]}}],"collection":[{"href":"https:\/\/virgendesetefilla.net\/index.php?rest_route=\/wp\/v2\/pages"}],"about":[{"href":"https:\/\/virgendesetefilla.net\/index.php?rest_route=\/wp\/v2\/types\/page"}],"author":[{"embeddable":true,"href":"https:\/\/virgendesetefilla.net\/index.php?rest_route=\/wp\/v2\/users\/2"}],"replies":[{"embeddable":true,"href":"https:\/\/virgendesetefilla.net\/index.php?rest_route=%2Fwp%2Fv2%2Fcomments&post=338"}],"version-history":[{"count":19,"href":"https:\/\/virgendesetefilla.net\/index.php?rest_route=\/wp\/v2\/pages\/338\/revisions"}],"predecessor-version":[{"id":382,"href":"https:\/\/virgendesetefilla.net\/index.php?rest_route=\/wp\/v2\/pages\/338\/revisions\/382"}],"wp:attachment":[{"href":"https:\/\/virgendesetefilla.net\/index.php?rest_route=%2Fwp%2Fv2%2Fmedia&parent=338"}],"curies":[{"name":"wp","href":"https:\/\/api.w.org\/{rel}","templated":true}]}}