{"id":300,"date":"2026-02-15T18:01:00","date_gmt":"2026-02-15T17:01:00","guid":{"rendered":"https:\/\/virgendesetefilla.net\/?page_id=300"},"modified":"2026-02-15T18:03:36","modified_gmt":"2026-02-15T17:03:36","slug":"capilla-de-la-virgen","status":"publish","type":"page","link":"https:\/\/virgendesetefilla.net\/?page_id=300","title":{"rendered":"Capilla de la Virgen"},"content":{"rendered":"\t\t<div data-elementor-type=\"wp-page\" data-elementor-id=\"300\" class=\"elementor elementor-300\" data-elementor-post-type=\"page\">\n\t\t\t\t<div class=\"elementor-element elementor-element-2f6e09e e-flex e-con-boxed e-con e-parent\" data-id=\"2f6e09e\" data-element_type=\"container\" data-e-type=\"container\">\n\t\t\t\t\t<div class=\"e-con-inner\">\n\t\t\t\t<div class=\"elementor-element elementor-element-14afde7 elementor-widget elementor-widget-spacer\" data-id=\"14afde7\" data-element_type=\"widget\" data-e-type=\"widget\" data-widget_type=\"spacer.default\">\n\t\t\t\t\t\t\t<div class=\"elementor-spacer\">\n\t\t\t<div class=\"elementor-spacer-inner\"><\/div>\n\t\t<\/div>\n\t\t\t\t\t\t<\/div>\n\t\t\t\t<div class=\"elementor-element elementor-element-1807b7b elementor-widget elementor-widget-heading\" data-id=\"1807b7b\" data-element_type=\"widget\" data-e-type=\"widget\" data-widget_type=\"heading.default\">\n\t\t\t\t\t<h2 class=\"elementor-heading-title elementor-size-default\">Capilla de la Virgen<\/h2>\t\t\t\t<\/div>\n\t\t\t\t\t<\/div>\n\t\t\t\t<\/div>\n\t\t<div class=\"elementor-element elementor-element-e8fad0d e-flex e-con-boxed e-con e-parent\" data-id=\"e8fad0d\" data-element_type=\"container\" data-e-type=\"container\">\n\t\t\t\t\t<div class=\"e-con-inner\">\n\t\t\t\t<div class=\"elementor-element elementor-element-82aa5f9 elementor-widget elementor-widget-image\" data-id=\"82aa5f9\" data-element_type=\"widget\" data-e-type=\"widget\" data-widget_type=\"image.default\">\n\t\t\t\t\t\t\t\t\t\t\t\t\t\t\t<img fetchpriority=\"high\" decoding=\"async\" width=\"350\" height=\"576\" src=\"https:\/\/virgendesetefilla.net\/wp-content\/uploads\/2026\/02\/imgi_4_capilla_01_web.jpg\" class=\"attachment-large size-large wp-image-304\" alt=\"\" srcset=\"https:\/\/virgendesetefilla.net\/wp-content\/uploads\/2026\/02\/imgi_4_capilla_01_web.jpg 350w, https:\/\/virgendesetefilla.net\/wp-content\/uploads\/2026\/02\/imgi_4_capilla_01_web-182x300.jpg 182w\" sizes=\"(max-width: 350px) 100vw, 350px\" \/>\t\t\t\t\t\t\t\t\t\t\t\t\t\t\t<\/div>\n\t\t\t\t<div class=\"elementor-element elementor-element-425d76d elementor-widget elementor-widget-text-editor\" data-id=\"425d76d\" data-element_type=\"widget\" data-e-type=\"widget\" data-widget_type=\"text-editor.default\">\n\t\t\t\t\t\t\t\t\t<p>Se encuentra en la parroquia de Nuestra Se\u00f1ora de la Asunci\u00f3n de Lora del R\u00edo, en la Nave de la Ep\u00edstola junto a la Sacrist\u00eda, es muy hermosa de traza g\u00f3tica y con dorado altar.<\/p><p>Las obras comenzaron en tiempo del p\u00e1rroco D. Manuel Garc\u00eda Mill\u00e1n y fue inaugurada el 31 de mayo de 1.896 siendo p\u00e1rroco D. Rafael Gonz\u00e1lez Merch\u00e1n. Sufragaron los gastos de esta construcci\u00f3n las hermanas se\u00f1oras Montalbo Quintanilla.<\/p><p>\u00daltimamente ha sido restaurada en el a\u00f1o 2006 por el artesano D. Antonio Cardoso Triguero, en esta ocasi\u00f3n, los gastos, han sido sufragados como indica la placa conmemorativa que se ha colocado en la capilla, por Las Mujeres de Lora, a trav\u00e9s de la Asociaci\u00f3n Visita Domiciliaria de Nuestra Se\u00f1ora Mar\u00eda Sant\u00edsima de Setefilla (Capillitas).<\/p>\t\t\t\t\t\t\t\t<\/div>\n\t\t\t\t\t<\/div>\n\t\t\t\t<\/div>\n\t\t\t\t<\/div>\n\t\t","protected":false},"excerpt":{"rendered":"<p>Capilla de la Virgen Se encuentra en la parroquia de Nuestra Se\u00f1ora de la Asunci\u00f3n de Lora del R\u00edo, en [&hellip;]<\/p>\n","protected":false},"author":2,"featured_media":0,"parent":0,"menu_order":0,"comment_status":"closed","ping_status":"closed","template":"elementor_canvas","meta":{"site-sidebar-layout":"no-sidebar","site-content-layout":"","ast-site-content-layout":"full-width-container","site-content-style":"default","site-sidebar-style":"default","ast-global-header-display":"","ast-banner-title-visibility":"","ast-main-header-display":"","ast-hfb-above-header-display":"","ast-hfb-below-header-display":"","ast-hfb-mobile-header-display":"","site-post-title":"","ast-breadcrumbs-content":"","ast-featured-img":"disabled","footer-sml-layout":"","ast-disable-related-posts":"","theme-transparent-header-meta":"","adv-header-id-meta":"","stick-header-meta":"","header-above-stick-meta":"","header-main-stick-meta":"","header-below-stick-meta":"","astra-migrate-meta-layouts":"default","ast-page-background-enabled":"default","ast-page-background-meta":{"desktop":{"background-color":"var(--ast-global-color-5)","background-image":"","background-repeat":"repeat","background-position":"center center","background-size":"auto","background-attachment":"scroll","background-type":"","background-media":"","overlay-type":"","overlay-color":"","overlay-opacity":"","overlay-gradient":""},"tablet":{"background-color":"","background-image":"","background-repeat":"repeat","background-position":"center center","background-size":"auto","background-attachment":"scroll","background-type":"","background-media":"","overlay-type":"","overlay-color":"","overlay-opacity":"","overlay-gradient":""},"mobile":{"background-color":"","background-image":"","background-repeat":"repeat","background-position":"center center","background-size":"auto","background-attachment":"scroll","background-type":"","background-media":"","overlay-type":"","overlay-color":"","overlay-opacity":"","overlay-gradient":""}},"ast-content-background-meta":{"desktop":{"background-color":"var(--ast-global-color-4)","background-image":"","background-repeat":"repeat","background-position":"center center","background-size":"auto","background-attachment":"scroll","background-type":"","background-media":"","overlay-type":"","overlay-color":"","overlay-opacity":"","overlay-gradient":""},"tablet":{"background-color":"var(--ast-global-color-4)","background-image":"","background-repeat":"repeat","background-position":"center center","background-size":"auto","background-attachment":"scroll","background-type":"","background-media":"","overlay-type":"","overlay-color":"","overlay-opacity":"","overlay-gradient":""},"mobile":{"background-color":"var(--ast-global-color-4)","background-image":"","background-repeat":"repeat","background-position":"center center","background-size":"auto","background-attachment":"scroll","background-type":"","background-media":"","overlay-type":"","overlay-color":"","overlay-opacity":"","overlay-gradient":""}},"_joinchat":[],"footnotes":""},"class_list":["post-300","page","type-page","status-publish","hentry"],"_links":{"self":[{"href":"https:\/\/virgendesetefilla.net\/index.php?rest_route=\/wp\/v2\/pages\/300","targetHints":{"allow":["GET"]}}],"collection":[{"href":"https:\/\/virgendesetefilla.net\/index.php?rest_route=\/wp\/v2\/pages"}],"about":[{"href":"https:\/\/virgendesetefilla.net\/index.php?rest_route=\/wp\/v2\/types\/page"}],"author":[{"embeddable":true,"href":"https:\/\/virgendesetefilla.net\/index.php?rest_route=\/wp\/v2\/users\/2"}],"replies":[{"embeddable":true,"href":"https:\/\/virgendesetefilla.net\/index.php?rest_route=%2Fwp%2Fv2%2Fcomments&post=300"}],"version-history":[{"count":4,"href":"https:\/\/virgendesetefilla.net\/index.php?rest_route=\/wp\/v2\/pages\/300\/revisions"}],"predecessor-version":[{"id":308,"href":"https:\/\/virgendesetefilla.net\/index.php?rest_route=\/wp\/v2\/pages\/300\/revisions\/308"}],"wp:attachment":[{"href":"https:\/\/virgendesetefilla.net\/index.php?rest_route=%2Fwp%2Fv2%2Fmedia&parent=300"}],"curies":[{"name":"wp","href":"https:\/\/api.w.org\/{rel}","templated":true}]}}